{"id":2778,"date":"2021-07-26T09:33:13","date_gmt":"2021-07-26T12:33:13","guid":{"rendered":"https:\/\/esmee.qodeinteractive.com\/?page_id=2778"},"modified":"2023-02-11T15:27:44","modified_gmt":"2023-02-11T18:27:44","slug":"sobre-a-marca","status":"publish","type":"page","link":"https:\/\/yellowsole.com.br\/en\/sobre-a-marca\/","title":{"rendered":"About the brand"},"content":{"rendered":"<div data-elementor-type=\"wp-page\" data-elementor-id=\"2778\" class=\"elementor elementor-2778\">\n\t\t\t\t\t\t<section class=\"elementor-section elementor-top-section elementor-element elementor-element-407ed85 qodef-elementor-content-grid elementor-section-boxed elementor-section-height-default elementor-section-height-default\" data-id=\"407ed85\" data-element_type=\"section\" data-e-type=\"section\">\n\t\t\t\t\t\t<div class=\"elementor-container elementor-column-gap-default\">\n\t\t\t\t\t<div class=\"elementor-column elementor-col-100 elementor-top-column elementor-element elementor-element-1c19a95\" data-id=\"1c19a95\" data-element_type=\"column\" data-e-type=\"column\">\n\t\t\t<div class=\"elementor-widget-wrap elementor-element-populated\">\n\t\t\t\t\t\t<div class=\"elementor-element elementor-element-2453c8f elementor-widget elementor-widget-esmee_core_section_title\" data-id=\"2453c8f\" data-element_type=\"widget\" data-e-type=\"widget\" data-widget_type=\"esmee_core_section_title.default\">\n\t\t\t\t<div class=\"elementor-widget-container\">\n\t\t\t\t\t<div class=\"qodef-shortcode qodef-m  qodef-section-title qodef-alignment--center\">\n\t\t\t<h2 class=\"qodef-m-title\" >\n\t\t\t\t\tThe Brand\t\t\t<\/h2>\n\t<\/div>\n\t\t\t\t<\/div>\n\t\t\t\t<\/div>\n\t\t\t\t\t<\/div>\n\t\t<\/div>\n\t\t\t\t\t<\/div>\n\t\t<\/section>\n\t\t\t\t<section class=\"elementor-section elementor-top-section elementor-element elementor-element-68e7b17 qodef-elementor-content-grid elementor-section-full_width elementor-reverse-mobile elementor-section-height-default elementor-section-height-default\" data-id=\"68e7b17\" data-element_type=\"section\" data-e-type=\"section\">\n\t\t\t\t\t\t<div class=\"elementor-container elementor-column-gap-default\">\n\t\t\t\t\t<div class=\"elementor-column elementor-col-50 elementor-top-column elementor-element elementor-element-22b3b15\" data-id=\"22b3b15\" data-element_type=\"column\" data-e-type=\"column\">\n\t\t\t<div class=\"elementor-widget-wrap elementor-element-populated\">\n\t\t\t\t\t\t<div class=\"elementor-element elementor-element-acef2fc elementor-widget elementor-widget-esmee_core_section_title\" data-id=\"acef2fc\" data-element_type=\"widget\" data-e-type=\"widget\" data-widget_type=\"esmee_core_section_title.default\">\n\t\t\t\t<div class=\"elementor-widget-container\">\n\t\t\t\t\t<div class=\"qodef-shortcode qodef-m  qodef-section-title qodef-alignment--left\">\n\t\t\t<h2 class=\"qodef-m-title\" >\n\t\t\t\t\tThe Designer\t\t\t<\/h2>\n\t<\/div>\n\t\t\t\t<\/div>\n\t\t\t\t<\/div>\n\t\t\t\t<div class=\"elementor-element elementor-element-91451ab elementor-widget elementor-widget-text-editor\" data-id=\"91451ab\" data-element_type=\"widget\" data-e-type=\"widget\" data-widget_type=\"text-editor.default\">\n\t\t\t\t<div class=\"elementor-widget-container\">\n\t\t\t\t\t\t\t\t\tMariana Comrian Kaysserlian, shoe designer, hits the market with her elegant women's sandals, full of meticulous handcrafted details and with a particular \"bossa\", so Brazilian.\t\t\t\t\t\t\t\t<\/div>\n\t\t\t\t<\/div>\n\t\t\t\t<div class=\"elementor-element elementor-element-f96b28b elementor-widget elementor-widget-text-editor\" data-id=\"f96b28b\" data-element_type=\"widget\" data-e-type=\"widget\" data-widget_type=\"text-editor.default\">\n\t\t\t\t<div class=\"elementor-widget-container\">\n\t\t\t\t\t\t\t\t\tTo create her products and brand, Mariana added her Armenian family\u2019s expertise, which for four generations has been producing and selling shoes in Brazil, with the concepts and experience gained in her career in the luxury segment, thus bringing Yellow Sole and its sandals that are true works of art for your feet.\t\t\t\t\t\t\t\t<\/div>\n\t\t\t\t<\/div>\n\t\t\t\t<div class=\"elementor-element elementor-element-ce7bf67 elementor-widget elementor-widget-text-editor\" data-id=\"ce7bf67\" data-element_type=\"widget\" data-e-type=\"widget\" data-widget_type=\"text-editor.default\">\n\t\t\t\t<div class=\"elementor-widget-container\">\n\t\t\t\t\t\t\t\t\tHer creations are timeless, authorial and unusual, resulting from the exploration of craft techniques, local materials and the valuing of the principle that we are a tropical country.\t\t\t\t\t\t\t\t<\/div>\n\t\t\t\t<\/div>\n\t\t\t\t<div class=\"elementor-element elementor-element-6f99c2d elementor-widget elementor-widget-text-editor\" data-id=\"6f99c2d\" data-element_type=\"widget\" data-e-type=\"widget\" data-widget_type=\"text-editor.default\">\n\t\t\t\t<div class=\"elementor-widget-container\">\n\t\t\t\t\t\t\t\t\tMariana's proposal with her Yellow Sole brand is to explore colours and textures along with the artisanal possibilities of contemporary shoemaking, bringing sandals inspired by Brazilian women that reflect their personality and attitude.\t\t\t\t\t\t\t\t<\/div>\n\t\t\t\t<\/div>\n\t\t\t\t\t<\/div>\n\t\t<\/div>\n\t\t\t\t<div class=\"elementor-column elementor-col-50 elementor-top-column elementor-element elementor-element-6d54fa4\" data-id=\"6d54fa4\" data-element_type=\"column\" data-e-type=\"column\">\n\t\t\t<div class=\"elementor-widget-wrap elementor-element-populated\">\n\t\t\t\t\t\t<div class=\"elementor-element elementor-element-824cdd0 elementor-widget elementor-widget-image\" data-id=\"824cdd0\" data-element_type=\"widget\" data-e-type=\"widget\" data-widget_type=\"image.default\">\n\t\t\t\t<div class=\"elementor-widget-container\">\n\t\t\t\t\t\t\t\t\t\t\t\t\t\t\t<img fetchpriority=\"high\" decoding=\"async\" width=\"427\" height=\"640\" src=\"https:\/\/yellowsole.com.br\/wp-content\/uploads\/2023\/02\/sobre-a-marca.jpg\" class=\"attachment-full size-full wp-image-6643\" alt=\"\" srcset=\"https:\/\/yellowsole.com.br\/wp-content\/uploads\/2023\/02\/sobre-a-marca.jpg 427w, https:\/\/yellowsole.com.br\/wp-content\/uploads\/2023\/02\/sobre-a-marca-200x300.jpg 200w, https:\/\/yellowsole.com.br\/wp-content\/uploads\/2023\/02\/sobre-a-marca-8x12.jpg 8w\" sizes=\"(max-width: 427px) 100vw, 427px\" \/>\t\t\t\t\t\t\t\t\t\t\t\t\t\t\t<\/div>\n\t\t\t\t<\/div>\n\t\t\t\t\t<\/div>\n\t\t<\/div>\n\t\t\t\t\t<\/div>\n\t\t<\/section>\n\t\t\t\t<section class=\"elementor-section elementor-top-section elementor-element elementor-element-822e99e qodef-elementor-content-grid elementor-section-full_width elementor-section-height-default elementor-section-height-default\" data-id=\"822e99e\" data-element_type=\"section\" data-e-type=\"section\">\n\t\t\t\t\t\t<div class=\"elementor-container elementor-column-gap-default\">\n\t\t\t\t\t<div class=\"elementor-column elementor-col-50 elementor-top-column elementor-element elementor-element-ad51b7b\" data-id=\"ad51b7b\" data-element_type=\"column\" data-e-type=\"column\">\n\t\t\t<div class=\"elementor-widget-wrap elementor-element-populated\">\n\t\t\t\t\t\t<div class=\"elementor-element elementor-element-1340207 elementor-widget elementor-widget-image\" data-id=\"1340207\" data-element_type=\"widget\" data-e-type=\"widget\" data-widget_type=\"image.default\">\n\t\t\t\t<div class=\"elementor-widget-container\">\n\t\t\t\t\t\t\t\t\t\t\t\t\t\t\t<img decoding=\"async\" width=\"740\" height=\"725\" src=\"https:\/\/yellowsole.com.br\/wp-content\/uploads\/2022\/05\/artesanal_11zon.jpeg\" class=\"attachment-large size-large wp-image-6105\" alt=\"\" srcset=\"https:\/\/yellowsole.com.br\/wp-content\/uploads\/2022\/05\/artesanal_11zon.jpeg 740w, https:\/\/yellowsole.com.br\/wp-content\/uploads\/2022\/05\/artesanal_11zon-600x588.jpeg 600w, https:\/\/yellowsole.com.br\/wp-content\/uploads\/2022\/05\/artesanal_11zon-300x294.jpeg 300w\" sizes=\"(max-width: 740px) 100vw, 740px\" \/>\t\t\t\t\t\t\t\t\t\t\t\t\t\t\t<\/div>\n\t\t\t\t<\/div>\n\t\t\t\t\t<\/div>\n\t\t<\/div>\n\t\t\t\t<div class=\"elementor-column elementor-col-50 elementor-top-column elementor-element elementor-element-fc2febf\" data-id=\"fc2febf\" data-element_type=\"column\" data-e-type=\"column\">\n\t\t\t<div class=\"elementor-widget-wrap elementor-element-populated\">\n\t\t\t\t\t\t<div class=\"elementor-element elementor-element-c7a02f7 elementor-widget elementor-widget-esmee_core_section_title\" data-id=\"c7a02f7\" data-element_type=\"widget\" data-e-type=\"widget\" data-widget_type=\"esmee_core_section_title.default\">\n\t\t\t\t<div class=\"elementor-widget-container\">\n\t\t\t\t\t<div class=\"qodef-shortcode qodef-m  qodef-section-title qodef-alignment--left\">\n\t\t\t<h2 class=\"qodef-m-title\" >\n\t\t\t\t\tHandmade and Brazilian\t\t\t<\/h2>\n\t<\/div>\n\t\t\t\t<\/div>\n\t\t\t\t<\/div>\n\t\t\t\t<div class=\"elementor-element elementor-element-20ccfe3 elementor-widget elementor-widget-text-editor\" data-id=\"20ccfe3\" data-element_type=\"widget\" data-e-type=\"widget\" data-widget_type=\"text-editor.default\">\n\t\t\t\t<div class=\"elementor-widget-container\">\n\t\t\t\t\t\t\t\t\tWe are a brand of handmade sandals, full of Brazilianness.\t\t\t\t\t\t\t\t<\/div>\n\t\t\t\t<\/div>\n\t\t\t\t<div class=\"elementor-element elementor-element-cf2bf36 elementor-widget elementor-widget-text-editor\" data-id=\"cf2bf36\" data-element_type=\"widget\" data-e-type=\"widget\" data-widget_type=\"text-editor.default\">\n\t\t\t\t<div class=\"elementor-widget-container\">\n\t\t\t\t\t\t\t\t\tOur workforce is 100% Brazilian. We closely monitor the entire manufacturing process to ensure not only the valuing of people but also our social responsibility.\n\t\t\t\t\t\t\t\t<\/div>\n\t\t\t\t<\/div>\n\t\t\t\t<div class=\"elementor-element elementor-element-6c1fe56 elementor-widget elementor-widget-text-editor\" data-id=\"6c1fe56\" data-element_type=\"widget\" data-e-type=\"widget\" data-widget_type=\"text-editor.default\">\n\t\t\t\t<div class=\"elementor-widget-container\">\n\t\t\t\t\t\t\t\t\t<p>We manufacture our sandals in specialized factories, with a team of skilled artisans, which produce the best Brazilian shoes for export with ABVTEX certification. This way, we reached the premium quality standard of our goods.<\/p>\t\t\t\t\t\t\t\t<\/div>\n\t\t\t\t<\/div>\n\t\t\t\t\t<\/div>\n\t\t<\/div>\n\t\t\t\t\t<\/div>\n\t\t<\/section>\n\t\t\t\t<section class=\"elementor-section elementor-top-section elementor-element elementor-element-af46674 qodef-elementor-content-grid elementor-section-full_width elementor-reverse-mobile elementor-section-height-default elementor-section-height-default\" data-id=\"af46674\" data-element_type=\"section\" data-e-type=\"section\">\n\t\t\t\t\t\t<div class=\"elementor-container elementor-column-gap-default\">\n\t\t\t\t\t<div class=\"elementor-column elementor-col-50 elementor-top-column elementor-element elementor-element-98dd18a\" data-id=\"98dd18a\" data-element_type=\"column\" data-e-type=\"column\">\n\t\t\t<div class=\"elementor-widget-wrap elementor-element-populated\">\n\t\t\t\t\t\t<div class=\"elementor-element elementor-element-d5061bc elementor-widget elementor-widget-esmee_core_section_title\" data-id=\"d5061bc\" data-element_type=\"widget\" data-e-type=\"widget\" data-widget_type=\"esmee_core_section_title.default\">\n\t\t\t\t<div class=\"elementor-widget-container\">\n\t\t\t\t\t<div class=\"qodef-shortcode qodef-m  qodef-section-title qodef-alignment--left\">\n\t\t\t<h2 class=\"qodef-m-title\" >\n\t\t\t\t\tHow we make them\t\t\t<\/h2>\n\t<\/div>\n\t\t\t\t<\/div>\n\t\t\t\t<\/div>\n\t\t\t\t<div class=\"elementor-element elementor-element-be16fde elementor-widget elementor-widget-text-editor\" data-id=\"be16fde\" data-element_type=\"widget\" data-e-type=\"widget\" data-widget_type=\"text-editor.default\">\n\t\t\t\t<div class=\"elementor-widget-container\">\n\t\t\t\t\t\t\t\t\tMariana's proposal with her Yellow Sole brand is to explore colours and textures along with the artisanal possibilities of contemporary shoemaking, bringing sandals inspired by Brazilian women that reflect their personality and attitude.\n\t\t\t\t\t\t\t\t<\/div>\n\t\t\t\t<\/div>\n\t\t\t\t<div class=\"elementor-element elementor-element-17230af elementor-widget elementor-widget-text-editor\" data-id=\"17230af\" data-element_type=\"widget\" data-e-type=\"widget\" data-widget_type=\"text-editor.default\">\n\t\t\t\t<div class=\"elementor-widget-container\">\n\t\t\t\t\t\t\t\t\tWe create our sandals inspired by our origins. We seek through product design, the exploration of artisanal processes and techniques, local materials and the appreciation of the principle that we are a tropical country with natural richness and a very creative people. This is how we identify our real identity.\t\t\t\t\t\t\t\t<\/div>\n\t\t\t\t<\/div>\n\t\t\t\t\t<\/div>\n\t\t<\/div>\n\t\t\t\t<div class=\"elementor-column elementor-col-50 elementor-top-column elementor-element elementor-element-9ae0098\" data-id=\"9ae0098\" data-element_type=\"column\" data-e-type=\"column\">\n\t\t\t<div class=\"elementor-widget-wrap elementor-element-populated\">\n\t\t\t\t\t\t<div class=\"elementor-element elementor-element-3893c5c elementor-widget elementor-widget-image\" data-id=\"3893c5c\" data-element_type=\"widget\" data-e-type=\"widget\" data-widget_type=\"image.default\">\n\t\t\t\t<div class=\"elementor-widget-container\">\n\t\t\t\t\t\t\t\t\t\t\t\t\t\t\t<img decoding=\"async\" width=\"683\" height=\"1024\" src=\"https:\/\/yellowsole.com.br\/wp-content\/uploads\/2022\/04\/flat-arara-azul-rio-683x1024.jpeg\" class=\"attachment-large size-large wp-image-6031\" alt=\"flat arara azul rio\" srcset=\"https:\/\/yellowsole.com.br\/wp-content\/uploads\/2022\/04\/flat-arara-azul-rio-683x1024.jpeg 683w, https:\/\/yellowsole.com.br\/wp-content\/uploads\/2022\/04\/flat-arara-azul-rio-600x900.jpeg 600w, https:\/\/yellowsole.com.br\/wp-content\/uploads\/2022\/04\/flat-arara-azul-rio-200x300.jpeg 200w, https:\/\/yellowsole.com.br\/wp-content\/uploads\/2022\/04\/flat-arara-azul-rio-768x1152.jpeg 768w, https:\/\/yellowsole.com.br\/wp-content\/uploads\/2022\/04\/flat-arara-azul-rio.jpeg 800w\" sizes=\"(max-width: 683px) 100vw, 683px\" \/>\t\t\t\t\t\t\t\t\t\t\t\t\t\t\t<\/div>\n\t\t\t\t<\/div>\n\t\t\t\t\t<\/div>\n\t\t<\/div>\n\t\t\t\t\t<\/div>\n\t\t<\/section>\n\t\t\t\t<\/div>","protected":false},"excerpt":{"rendered":"<p>A Marca A Designer Mariana Comrian Kaysserlian, shoe designer, chega ao mercado com suas elegantes sand\u00e1lias femininas, repletas de minuciosos detalhes elaborados \u00e0 m\u00e3o e com uma particular bossa, muito brasileira.Para criar seus produtos e marca, Mariana somou a expertise de sua fam\u00edlia arm\u00eania, que \u00e0 quatro gera\u00e7\u00f5es produz e comercializa cal\u00e7ados no Brasil, com [&hellip;]<\/p>","protected":false},"author":1,"featured_media":0,"parent":0,"menu_order":0,"comment_status":"closed","ping_status":"closed","template":"page-full-width.php","meta":{"footnotes":""},"class_list":["post-2778","page","type-page","status-publish","hentry"],"_links":{"self":[{"href":"https:\/\/yellowsole.com.br\/en\/wp-json\/wp\/v2\/pages\/2778","targetHints":{"allow":["GET"]}}],"collection":[{"href":"https:\/\/yellowsole.com.br\/en\/wp-json\/wp\/v2\/pages"}],"about":[{"href":"https:\/\/yellowsole.com.br\/en\/wp-json\/wp\/v2\/types\/page"}],"author":[{"embeddable":true,"href":"https:\/\/yellowsole.com.br\/en\/wp-json\/wp\/v2\/users\/1"}],"replies":[{"embeddable":true,"href":"https:\/\/yellowsole.com.br\/en\/wp-json\/wp\/v2\/comments?post=2778"}],"version-history":[{"count":41,"href":"https:\/\/yellowsole.com.br\/en\/wp-json\/wp\/v2\/pages\/2778\/revisions"}],"predecessor-version":[{"id":6653,"href":"https:\/\/yellowsole.com.br\/en\/wp-json\/wp\/v2\/pages\/2778\/revisions\/6653"}],"wp:attachment":[{"href":"https:\/\/yellowsole.com.br\/en\/wp-json\/wp\/v2\/media?parent=2778"}],"curies":[{"name":"wp","href":"https:\/\/api.w.org\/{rel}","templated":true}]}}