{"id":3,"date":"2022-04-02T19:33:13","date_gmt":"2022-04-02T22:33:13","guid":{"rendered":"http:\/\/webapp308423.ip-198-58-107-56.cloudezapp.io\/?page_id=3"},"modified":"2023-02-23T11:19:56","modified_gmt":"2023-02-23T14:19:56","slug":"politica-de-privacidade","status":"publish","type":"page","link":"https:\/\/yellowsole.com.br\/en\/politica-de-privacidade\/","title":{"rendered":"Pol\u00edtica de Privacidade"},"content":{"rendered":"<div data-elementor-type=\"wp-page\" data-elementor-id=\"3\" class=\"elementor elementor-3\">\n\t\t\t\t\t\t<section class=\"elementor-section elementor-top-section elementor-element elementor-element-5ec3933f elementor-section-boxed elementor-section-height-default elementor-section-height-default qodef-elementor-content-no\" data-id=\"5ec3933f\" data-element_type=\"section\" data-e-type=\"section\">\n\t\t\t\t\t\t<div class=\"elementor-container elementor-column-gap-default\">\n\t\t\t\t\t<div class=\"elementor-column elementor-col-100 elementor-top-column elementor-element elementor-element-6e9318ff\" data-id=\"6e9318ff\" data-element_type=\"column\" data-e-type=\"column\">\n\t\t\t<div class=\"elementor-widget-wrap elementor-element-populated\">\n\t\t\t\t\t\t<div class=\"elementor-element elementor-element-19b7a814 elementor-widget elementor-widget-text-editor\" data-id=\"19b7a814\" data-element_type=\"widget\" data-e-type=\"widget\" data-widget_type=\"text-editor.default\">\n\t\t\t\t<div class=\"elementor-widget-container\">\n\t\t\t\t\t\t\t\t\t<p>A YELLOW SOLE tem como objetivo ser um centro comercial virtual para a comercializa\u00e7\u00e3o varejista de cal\u00e7ados e acess\u00f3rios.<br>Ao acessar https:\/\/www.yellowsole.com.br\/, o usu\u00e1rio adere automaticamente \u00e0s disposi\u00e7\u00f5es constantes neste documento, denominado Pol\u00edtica de Privacidade, que dever\u00e1 ser estritamente respeitado. Recomendamos tamb\u00e9m que o usu\u00e1rio leia atentamente esta Pol\u00edtica de Privacidade e que, em caso de qualquer d\u00favida, entre em contato atrav\u00e9s de nossos canais de contato.<br><br>1. Defini\u00e7\u00f5es<span style=\"color: var( --e-global-color-5e21f04 );\"><\/span><\/p>\n<p>1.1. Usu\u00e1rio: Qualquer pessoa que navegar pelo site YELLOW SOLE.<br>1.2. Cliente: Todo Usu\u00e1rio que estabelecer alguma compra ou utilizar vale-troca para aquisi\u00e7\u00e3o de produtos no site YELLOW SOLE.<br>1.3. \u00c1rea pessoal restrita: Se\u00e7\u00e3o do site YELLOW SOLE acessada pelo Usu\u00e1rio mediante o fornecimento de login e senha.<br>1.4. Login: Identifica\u00e7\u00e3o escolhida pelo Usu\u00e1rio quando preenche o cadastro para acesso \u00e0 \u00e1rea pessoal restrita e funcionalidades exclusivas do site YELLOW SOLE.<br>1.5. Senha: Conjunto de caracteres que serve como prova de identidade do Usu\u00e1rio, cujo conhecimento deve ser exclusivo e \u00fanico.<br>1.6. Dados Pessoais: Conjunto de informa\u00e7\u00f5es pessoais de um Usu\u00e1rio que o identifique ou o torne identific\u00e1vel em rela\u00e7\u00e3o aos demais, a exemplo do n\u00famero do documento de identidade (RG ou RNE), cadastro de pessoa f\u00edsica (CPF), endere\u00e7o residencial ou comercial, nome completo, email, telefone, dentre outros.<br>1.7. Cookies: Pequenos arquivos enviados pelo site YELLOW SOLE, salvos no dispositivo do usu\u00e1rio, que armazenam automaticamente as prefer\u00eancias e outras informa\u00e7\u00f5es, com a finalidade de personalizar sua navega\u00e7\u00e3o de acordo com o seu perfil.<\/p>\n<p><\/p>\n<p>2. Navega\u00e7\u00e3o<\/p>\n<p>2.1. A YELLOW SOLE \u00e9 melhor visualizado com uma resolu\u00e7\u00e3o m\u00ednima de 1024 pixels e \u00e9 compat\u00edvel com os navegadores: Microsoft Internet Explorer, vers\u00e3o 7 ou superiores; Mozilla Firefox, vers\u00e3o 3 ou superiores; e Google Chrome.<br>2.2. Para visualizar alguns conte\u00fados dispon\u00edveis no site YELLOW SOLE, ser\u00e1 necess\u00e1ria a instala\u00e7\u00e3o do aplicativo Adobe Flash Player, al\u00e9m de recursos de Java Script e cookies habilitados no browser.<br>2.3. O Usu\u00e1rio \u00e9 respons\u00e1vel por realizar a instala\u00e7\u00e3o\/habilita\u00e7\u00e3o de tais recursos em seu equipamento de inform\u00e1tica, assim como por mant\u00ea-lo seguro, atrav\u00e9s da utiliza\u00e7\u00e3o de ferramentas de seguran\u00e7a l\u00f3gica, tais como antiv\u00edrus e firewall pessoal.<br>2.4. Salvo disposi\u00e7\u00e3o diversa ou notifica\u00e7\u00e3o, o site YELLOW SOLE procurar\u00e1 manter todo o conte\u00fado dispon\u00edvel 24 (vinte e quatro) horas por dia, 07 (sete) dias por semana, com base no hor\u00e1rio oficial de Bras\u00edlia. Todavia, n\u00e3o garante o acesso cont\u00ednuo ou sem interrup\u00e7\u00e3o ao site.<\/p>\n<p>2.4.1. Eventualmente o site poder\u00e1 n\u00e3o estar dispon\u00edvel devido a:<\/p>\n<p><\/p>\n<p>i) manuten\u00e7\u00f5es t\u00e9cnicas e\/ou operacionais que exijam a retirada do site do ar ou impossibilitem o seu acesso;<br>ii) casos fortuitos ou for\u00e7a maior;<br>iii) a\u00e7\u00f5es de terceiros que impe\u00e7am a disponibiliza\u00e7\u00e3o do site;<br>iv) interrup\u00e7\u00e3o ou suspens\u00e3o dos servi\u00e7os prestados pelas prestadoras de servi\u00e7os de telecomunica\u00e7\u00f5es; e<br>v) ocorr\u00eancias de falhas na transmiss\u00e3o e\/ou roteamento no acesso \u00e0 Internet, entre outros.<\/p>\n<p><\/p>\n<p>3. Cadastro e Coleta de Dados Pessoais<\/p>\n<p>3.1. A despeito de existirem p\u00e1ginas de livre navega\u00e7\u00e3o, a aquisi\u00e7\u00e3o de quaisquer produtos e\/ou servi\u00e7os anunciados no site YELLOW SOLE somente se dar\u00e1 mediante a realiza\u00e7\u00e3o de um procedimento de cadastramento por parte do Usu\u00e1rio, que implica na coleta de dados pessoais.<br>3.1.1. Tal cadastramento implicar\u00e1 na cria\u00e7\u00e3o de um perfil de navega\u00e7\u00e3o exclusivo, o que possibilitar\u00e1 ao Usu\u00e1rio o acesso a uma \u00e1rea pessoal restrita, al\u00e9m da execu\u00e7\u00e3o de atividades espec\u00edficas e a participa\u00e7\u00e3o em programas de fideliza\u00e7\u00e3o.<br>3.1.2. Os seguintes dados pessoais do usu\u00e1rio s\u00e3o coletados no processo de cadastro:<br>&#8211; Nome e sobrenome<br>&#8211; CPF<br>&#8211; Email<br>&#8211; Data de nascimento<br>&#8211; Sexo<br>&#8211; Telefone<br>&#8211; Endere\u00e7o (Rua, n\u00famero, complemento, bairro, CEP, cidade, estado, pa\u00eds)<br>&#8211; Usu\u00e1rio e senha<\/p>\n<p>3.1.3. Os dados pessoais dos usu\u00e1rios coletados ser\u00e3o utilizados pela YELLOW SOLE somente para as seguintes finalidades:<br>&#8211; Cadastrar os usu\u00e1rios no site YELLOW SOLE;<br>&#8211; Efetivar e gerenciar os pedidos e as compras dos produtos no site YELLOW SOLE;<br>&#8211; Gerenciar an\u00e1lise de cr\u00e9dito e de risco junto \u00e0s institui\u00e7\u00f5es financeiras;<br>&#8211; Concluir o pagamento e realizar o envio dos produtos aos usu\u00e1rios;<br>&#8211; Processar pedidos de trocas e devolu\u00e7\u00f5es dos usu\u00e1rios; &#8211; Gerenciar promo\u00e7\u00f5es e campanhas de marketing que os usu\u00e1rios escolham participar, bem como programas de fideliza\u00e7\u00e3o;<br>&#8211; Oferecer produtos aos usu\u00e1rios com base nos seus perfis e informar sobre produtos que os usu\u00e1rios tenham demonstrado interesse;<br>&#8211; Interagir com os usu\u00e1rios nos canais de contato YELLOW SOLE;<br>&#8211; Proporcionar aos usu\u00e1rios uma excelente experi\u00eancia de compra e navega\u00e7\u00e3o.<\/p>\n<p>3.1.4. Os dados pessoais s\u00e3o coletados e armazenados de acordo com r\u00edgidos padr\u00f5es de seguran\u00e7a e de confidencialidade. A YELLOW SOLE armazena os dados pessoais dos usu\u00e1rios somente pelo tempo necess\u00e1rio para cumprir com as finalidades para as quais foram coletados, bem como para cumprir com as obriga\u00e7\u00f5es legais\/fiscais, nos limites estabelecidos nesta Pol\u00edtica de Privacidade.<\/p>\n<p><\/p>\n<p>3.1.5. A YELLOW SOLE pode usar o Google Analytics ou servi\u00e7os semelhantes em seu WEBSITE. Estas aplica\u00e7\u00f5es s\u00e3o servi\u00e7os de terceiros que permitem \u00e0 YELLOW SOLE medir e analisar a utiliza\u00e7\u00e3o do seu WEBSITE. O provedor desses servi\u00e7os usa cookies permanentes para esses aplicativos e pode monitorar o uso do WEBSITE pelo usu\u00e1rio e combinar esses dados com dados de outros sites monitorados pelo mesmo provedor de servi\u00e7os que o usu\u00e1rio visitou e o provedor de servi\u00e7os pode usar essas descobertas para seus pr\u00f3prios benef\u00edcios (por exemplo, controle de propaganda). Nesse caso, o tratamento de dados pessoais ser\u00e1 de responsabilidade do provedor de servi\u00e7os. CONSIDERE LER AS POL\u00cdTICAS DE PRIVACIDADE DESTES TERCEIROS, POIS N\u00c3O SOMOS RESPONS\u00c1VEIS PELOS DADOS PESSOAIS QUE ELES PROCESSAM PARA SEUS PR\u00d3PRIOS OBJETIVOS. Al\u00e9m disso, a YELLOW SOLE pode usar plug-ins de redes sociais como Facebook, Twitter, Youtube, Google, Pinterest ou Instagram em seu WEBSITE. Na configura\u00e7\u00e3o padr\u00e3o, os plug-ins do WEBSITE est\u00e3o desativados. O usu\u00e1rio pode, portanto, escolher quando ativ\u00e1-los. Caso o usu\u00e1rio o fa\u00e7a, os fornecedores de redes sociais podem estabelecer uma liga\u00e7\u00e3o direta com o usu\u00e1rio durante a sua visita no WEBSITE, o que permite ao fornecedor ter conhecimento da visita do usu\u00e1rio e analisar as respectivas informa\u00e7\u00f5es. Nesse caso, o tratamento subsequente dos dados pessoais ser\u00e1 realizado sob a responsabilidade do provedor de m\u00eddia social. CONSIDERE LER AS POL\u00cdTICAS DE PRIVACIDADE DESTES TERCEIROS, POIS N\u00c3O SOMOS RESPONS\u00c1VEIS PELOS DADOS PESSOAIS QUE ELES PROCESSAM PARA SEUS PR\u00d3PRIOS OBJETIVOS. 3.2. Ao efetuar o cadastramento, o Usu\u00e1rio compromete-se a fornecer informa\u00e7\u00f5es verdadeiras e atualizadas sobre sua pessoa, e de seu respons\u00e1vel legal, se menor de 18 (dezoito) anos, bem como a manter tais informa\u00e7\u00f5es atualizadas. O usu\u00e1rio \u00e9 exclusivamente respons\u00e1vel pela veracidade dos dados pessoais que fornecer \u00e0 YELLOW SOLE.<\/p>\n<p>3.2.1. O Usu\u00e1rio, portanto, poder\u00e1 visualizar e alterar seus dados cadastrais, posteriormente, a qualquer momento, mediante acesso \u00e0 sua \u00e1rea pessoal restrita.<br>3.3. Ao efetuar o cadastramento, o Usu\u00e1rio manifestar\u00e1 seu expresso consentimento com os Termos de Uso do site YELLOW SOLE.<br>3.4. Anteriormente ao processo de cadastramento no site YELLOW SOLE, especificamente para fins de promo\u00e7\u00e3o do mesmo, o Usu\u00e1rio poder\u00e1 cadastrar seu endere\u00e7o de correio eletr\u00f4nico (email) em uma lista de contatos de interessados em receber mensagens eletr\u00f4nicas contendo informa\u00e7\u00f5es e novidades (newsletters).<br>3.4.1. O Usu\u00e1rio poder\u00e1 se descadastrar de tal lista de envio de newsletters a qualquer momento, bastando, para isso, clicar no link de cancelamento contido no corpo da pr\u00f3pria newsletter.<br>3.5. Durante o processo de cadastramento, o Usu\u00e1rio dever\u00e1 criar uma senha pessoal, intransfer\u00edvel e confidencial.<br>3.5.1. Esta senha dever\u00e1 conter no m\u00ednimo 6 (seis) caracteres, incluindo letras, n\u00fameros e caracteres especiais e ser de dif\u00edcil adivinha\u00e7\u00e3o, n\u00e3o sendo recomend\u00e1vel o uso de sequ\u00eancias de letras e n\u00fameros, nomes de entes pr\u00f3ximos e\/ou datas especiais.<br>3.5.2. O Usu\u00e1rio dever\u00e1 zelar pela seguran\u00e7a de sua senha, devendo alter\u00e1-la imediatamente caso tome conhecimento ou desconfie de que a mesma tenha sido descoberta por terceiros.<\/p>\n<p><\/p>\n<p>3.5.3. Em caso de esquecimento, o Usu\u00e1rio poder\u00e1 requerer o envio de sua senha para seu email cadastrado, no item \u201cEsqueci Minha Senha\u201d.<br>3.6. O Usu\u00e1rio poder\u00e1 revogar ou bloquear Cookies, posteriormente, a qualquer momento durante a navega\u00e7\u00e3o, mediante configura\u00e7\u00e3o no seu navegador.<br>3.6.1. Eventuais casos de inadimpl\u00eancia do Usu\u00e1rio ser\u00e3o tratados de forma independente, conforme previsto em nossa Pol\u00edtica de Compra.<br>3.6.2. Eventuais casos de apura\u00e7\u00e3o de responsabilidades c\u00edveis e criminais de Usu\u00e1rio infratores desta Pol\u00edtica de Privacidade ser\u00e3o tratados de forma independente.<br>3.7. Caso o usu\u00e1rio tenha d\u00favidas sobre o tratamento dos seus dados pessoais ou deseje exercer seus direitos enquanto titular dos dados pessoais, poder\u00e1 entrar em contato atrav\u00e9s do email mk@yellowsole.com.br.<\/p>\n<p><\/p>\n<p>4. Propriedade Intelectual<\/p>\n<p>4.1. Os conte\u00fados do site YELLOW SOLE, incluindo, mas n\u00e3o se limitando a, quaisquer programas, dados e arquivos, assim como o uso da express\u00e3o YELLOW SOLE como marca, nome empresarial e nome de dom\u00ednio, s\u00e3o propriedades exclusivas da YELLOW SOLE ou, eventualmente, est\u00e3o adequadamente cobertas por licen\u00e7a\/cess\u00e3o de uso.<br>4.2. O simples acesso ao site YELLOW SOLE n\u00e3o confere ao Usu\u00e1rio qualquer direito de uso sobre os conte\u00fados compreendidos como todo ou fra\u00e7\u00e3o, que nele estejam, estiveram ou venham a estar dispon\u00edveis.<br>4.3. Portanto, os conte\u00fados exibidos no site YELLOW SOLE n\u00e3o poder\u00e3o, de qualquer forma, ser copiados, distribu\u00eddos, reproduzidos ou divulgados, em qualquer meio, sob pena de responsabilidade civil e\/ou criminal.<br>4.4. Autoriza\u00e7\u00f5es para uso envolvendo a c\u00f3pia dos conte\u00fados dispon\u00edveis no site YELLOW SOLE poder\u00e3o ser obtidas mediante solicita\u00e7\u00e3o pr\u00e9via e autoriza\u00e7\u00e3o formal, desde que as finalidades sejam estritamente pessoais, n\u00e3o comerciais e n\u00e3o envolvam modifica\u00e7\u00e3o dos conte\u00fados.<br>4.5. Quaisquer conte\u00fados submetidos \u00e0 publica\u00e7\u00e3o pelo Usu\u00e1rio no site YELLOW SOLE ser\u00e3o de responsabilidade c\u00edvel e criminal exclusiva do Usu\u00e1rio e n\u00e3o poder\u00e3o ser interpretados de nenhuma forma como um ato da YELLOW SOLE.<br>4.6. A YELLOW SOLE, entretanto, se reserva ao direito de n\u00e3o publicar, assim como remover, quaisquer conte\u00fados considerados inadequados moralmente ou legalmente.<br>4.7. A eventual retirada, ainda que mediante solicita\u00e7\u00e3o, de qualquer conte\u00fado dever\u00e1 ser sempre compreendida como uma demonstra\u00e7\u00e3o de preven\u00e7\u00e3o de dissabores e, jamais, como reconhecimento de qualquer infra\u00e7\u00e3o pela YELLOW SOLE a direito de terceiros. 4.8. As imagens utilizadas no site YELLOW SOLE podem n\u00e3o refletir o tamanho original ou situa\u00e7\u00e3o atual do conte\u00fado reproduzido, sendo meramente ilustrativas.<\/p>\n<p><\/p>\n<p>5. Deveres do Usu\u00e1rio<\/p>\n<p>5.1. O Usu\u00e1rio assume todo o \u00f4nus e responsabilidade decorrentes de seus atos no site YELLOW SOLE, respondendo, ainda, pelos atos que terceiros praticarem em seu nome, por meio do uso de seu login e senha.<br>5.2. O Usu\u00e1rio dever\u00e1 indenizar a YELLOW SOLE por quaisquer danos e preju\u00edzos decorrentes de suas a\u00e7\u00f5es ou omiss\u00f5es que violem as disposi\u00e7\u00f5es contidas nesta Pol\u00edtica de Privacidade ou nas normas legais em vigor.<\/p>\n<p><\/p>\n<p>6. Limita\u00e7\u00e3o de Responsabilidade<\/p>\n<p>6.1. Em decorr\u00eancia de quest\u00f5es operacionais, o site YELLOW SOLE est\u00e1 sujeito a eventuais problemas de interrup\u00e7\u00e3o, falha t\u00e9cnica e indisponibilidade de funcionamento tempor\u00e1rio.<br>6.1.1. A YELLOW SOLE se exime de qualquer responsabilidade pelos danos e preju\u00edzos de toda natureza que possam decorrer da falta de disponibilidade ou de continuidade do funcionamento do site YELLOW SOLE.<br>6.2. A YELLOW SOLE envida seus maiores esfor\u00e7os para garantir a seguran\u00e7a e confiabilidade do site YELLOW SOLE e dos conte\u00fados disponibilizados no mesmo, para isso emprega diversos controles de detec\u00e7\u00e3o, preven\u00e7\u00e3o e combate a atividades maliciosas.<br>6.2.1. Portanto, a YELLOW SOLE n\u00e3o ser\u00e1 responsabilizada por quaisquer danos e preju\u00edzos provenientes da a\u00e7\u00e3o de terceiros, pela conduta inadequada do Usu\u00e1rio e\/ou que de qualquer forma fujam de sua esfera de vigil\u00e2ncia.<br>6.3. A YELLOW SOLE n\u00e3o det\u00e9m qualquer responsabilidade pela navega\u00e7\u00e3o do Usu\u00e1rio em web sites externos, mesmo quando referenciados no site YELLOW SOLE, sendo um dever do Usu\u00e1rio a leitura e aceite ou rejei\u00e7\u00e3o dos Termos de Uso e Pol\u00edticas de Privacidade dos web sites acessados.<br>6.4. A YELLOW SOLE n\u00e3o se responsabiliza por quaisquer tipos de indisponibilidade ou erros ocorridos no processamento de pagamentos atrav\u00e9s dos cart\u00f5es de cr\u00e9dito e bancos afiliados.<br>6.5. Garantia de estoque e pre\u00e7o: A simples inclus\u00e3o de um produto no \u201ccarrinho de compras\u201d n\u00e3o implica na efetiva\u00e7\u00e3o do pedido, t\u00e3o pouco na reserva de estoque do mesmo, ficando portanto, sujeito \u00e0 disponibilidade de estoque no momento da compra. A inclus\u00e3o de um produto no &#8220;carrinho de compras&#8221; tamb\u00e9m n\u00e3o \u00e9 garantia de reserva de pre\u00e7os; Sempre prevalecer\u00e1 o pre\u00e7o do produto vigente no ato da compra pelo consumidor.<br>6.6. Altera\u00e7\u00f5es de pre\u00e7os vigentes no site: A YELLOW SOLE raramente efetua atualiza\u00e7\u00f5es de pre\u00e7os. Caso haja diverg\u00eancias no valor existente na p\u00e1gina do produto e ao finalizar o pedido, o valor vigente que prevalecer\u00e1 ser\u00e1 sempre o do produto apresentado na sua sacola de compras.<br>6.7. A YELLOW SOLE \u00e9 uma empresa privada e sua opera\u00e7\u00e3o destina-se exclusivamente a opera\u00e7\u00e3o de venda varejo. N\u00e3o vendemos no ATACADO e, portanto, pedidos com quantidades de pe\u00e7as superiores a 12 (doze) unidades do mesmo produto poder\u00e3o ser cancelados sem aviso pr\u00e9vio.<\/p>\n<p><\/p>\n<p>7. Disposi\u00e7\u00f5es gerais<\/p>\n<p>7.1. Os conte\u00fados constantes no site YELLOW SOLE, inclusive esta Pol\u00edtica de Privacidade, poder\u00e3o ser atualizados ou modificados a qualquer momento, cabendo ao Usu\u00e1rio efetuar a verifica\u00e7\u00e3o dos mesmos sempre que efetuar um novo acesso.<br>7.2. A toler\u00e2ncia por eventual descumprimento de quaisquer dos itens do presente instrumento n\u00e3o constituir\u00e1 nova\u00e7\u00e3o e tampouco impedir\u00e1 ou inibir\u00e1 a exigibilidade dos mesmos a qualquer tempo.<br>7.3. Em caso de d\u00favidas relativas ao site YELLOW SOLE, seus conte\u00fados, Termos de Uso e Pol\u00edtica de Privacidade, o Usu\u00e1rio dever\u00e1 entrar em contato pelo contato@yellowsole.com.br<br>7.4. A presente Pol\u00edtica de Privacidade ser\u00e1 interpretada segundo a legisla\u00e7\u00e3o brasileira, no idioma portugu\u00eas, sendo eleito o Foro da Comarca de S\u00e3o Paulo, Capital, com expressa ren\u00fancia de qualquer outro, por mais privilegiado que seja, para dirimir qualquer d\u00favida, pend\u00eancia ou lit\u00edgio oriundo desta Pol\u00edtica de Privacidade.<\/p>\t\t\t\t\t\t\t\t<\/div>\n\t\t\t\t<\/div>\n\t\t\t\t\t<\/div>\n\t\t<\/div>\n\t\t\t\t\t<\/div>\n\t\t<\/section>\n\t\t\t\t<\/div>","protected":false},"excerpt":{"rendered":"<p>A YELLOW SOLE tem como objetivo ser um centro comercial virtual para a comercializa\u00e7\u00e3o varejista de cal\u00e7ados e acess\u00f3rios.Ao acessar https:\/\/www.yellowsole.com.br\/, o usu\u00e1rio adere automaticamente \u00e0s disposi\u00e7\u00f5es constantes neste documento, denominado Pol\u00edtica de Privacidade, que dever\u00e1 ser estritamente respeitado. Recomendamos tamb\u00e9m que o usu\u00e1rio leia atentamente esta Pol\u00edtica de Privacidade e que, em caso de [&hellip;]<\/p>","protected":false},"author":1,"featured_media":0,"parent":0,"menu_order":0,"comment_status":"closed","ping_status":"closed","template":"","meta":{"footnotes":""},"class_list":["post-3","page","type-page","status-publish","hentry"],"_links":{"self":[{"href":"https:\/\/yellowsole.com.br\/en\/wp-json\/wp\/v2\/pages\/3","targetHints":{"allow":["GET"]}}],"collection":[{"href":"https:\/\/yellowsole.com.br\/en\/wp-json\/wp\/v2\/pages"}],"about":[{"href":"https:\/\/yellowsole.com.br\/en\/wp-json\/wp\/v2\/types\/page"}],"author":[{"embeddable":true,"href":"https:\/\/yellowsole.com.br\/en\/wp-json\/wp\/v2\/users\/1"}],"replies":[{"embeddable":true,"href":"https:\/\/yellowsole.com.br\/en\/wp-json\/wp\/v2\/comments?post=3"}],"version-history":[{"count":4,"href":"https:\/\/yellowsole.com.br\/en\/wp-json\/wp\/v2\/pages\/3\/revisions"}],"predecessor-version":[{"id":6677,"href":"https:\/\/yellowsole.com.br\/en\/wp-json\/wp\/v2\/pages\/3\/revisions\/6677"}],"wp:attachment":[{"href":"https:\/\/yellowsole.com.br\/en\/wp-json\/wp\/v2\/media?parent=3"}],"curies":[{"name":"wp","href":"https:\/\/api.w.org\/{rel}","templated":true}]}}