{"id":6678,"date":"2023-02-23T11:25:55","date_gmt":"2023-02-23T14:25:55","guid":{"rendered":"https:\/\/yellowsole.com.br\/?page_id=6678"},"modified":"2023-02-23T11:37:27","modified_gmt":"2023-02-23T14:37:27","slug":"politicas-gerais","status":"publish","type":"page","link":"https:\/\/yellowsole.com.br\/en\/politicas-gerais\/","title":{"rendered":"Pol\u00edticas Gerais"},"content":{"rendered":"<div data-elementor-type=\"wp-page\" data-elementor-id=\"6678\" class=\"elementor elementor-6678\">\n\t\t\t\t\t\t<section class=\"elementor-section elementor-top-section elementor-element elementor-element-b91058f elementor-section-boxed elementor-section-height-default elementor-section-height-default qodef-elementor-content-no\" data-id=\"b91058f\" data-element_type=\"section\" data-e-type=\"section\">\n\t\t\t\t\t\t<div class=\"elementor-container elementor-column-gap-default\">\n\t\t\t\t\t<div class=\"elementor-column elementor-col-100 elementor-top-column elementor-element elementor-element-67344e2\" data-id=\"67344e2\" data-element_type=\"column\" data-e-type=\"column\">\n\t\t\t<div class=\"elementor-widget-wrap elementor-element-populated\">\n\t\t\t\t\t\t<div class=\"elementor-element elementor-element-4335a33 elementor-widget elementor-widget-text-editor\" data-id=\"4335a33\" data-element_type=\"widget\" data-e-type=\"widget\" data-widget_type=\"text-editor.default\">\n\t\t\t\t<div class=\"elementor-widget-container\">\n\t\t\t\t\t\t\t\t\t<p>SOBRE O SITE<br \/>\u200b<br \/>Este site e seu conte\u00fado (o \u201cSite\u201d) s\u00e3o de propriedade exclusiva da YELLOW SOLE COM\u00c9RCIO DE CAL\u00c7ADOS E ACESS\u00d3RIOS EM GERAL LTDA, inscrita no CNPJ sob o n\u00ba39.899.313\/0001-69, com sede na Rua Onze de agosto, 52, conj 201. Todos os direitos reservados.<\/p><p>O ACESSO E UTILIZA\u00c7\u00c3O DO SITE, BEM COMO A COMPRA DOS PRODUTOS DISPON\u00cdVEIS, IMPLICAM NA ACEITA\u00c7\u00c3O TOTAL DAS DISPOSI\u00c7\u00d5ES DESTES TERMOS DE USO. CASO N\u00c3O HAJA CONCORD\u00c2NCIA COM ALGUMA DISPOSI\u00c7\u00c3O AQUI PRESENTE, N\u00c3O UTILIZE O SITE.<\/p><p>\u200b<\/p><p>CONDI\u00c7\u00d5ES GERAIS DE USO E ACESSO DO SITE<br \/>\u200b<br \/>Estes termos e condi\u00e7\u00f5es de uso t\u00eam por objeto definir as regras a serem seguidas durante a utiliza\u00e7\u00e3o do Site, sem preju\u00edzo da concomitante aplica\u00e7\u00e3o da legisla\u00e7\u00e3o vigente.<\/p><p>\u200b<\/p><p>O simples acesso ao Site \u00e9 gratuito e pode ser feito por meio de qualquer dispositivo com acesso \u00e0 Internet. Eventuais d\u00favidas sobre a sua utiliza\u00e7\u00e3o poder\u00e3o ser dirimidas atrav\u00e9s do acesso a Central de Atendimento do Site, por meio da URL http:\/\/www.yellowsole.com.br\/contato\/, tamb\u00e9m dispon\u00edvel na parte superior e inferior da p\u00e1gina inicial do Site.<\/p><p>\u200b<\/p><p>Para a realiza\u00e7\u00e3o de compras no Site, \u00e9 necess\u00e1rio que o usu\u00e1rio preencha um cadastro. Todas as informa\u00e7\u00f5es pessoais fornecidas voluntariamente no momento do cadastro ou coletadas atrav\u00e9s de procedimentos automatizados est\u00e3o sujeitas a medidas de seguran\u00e7a para impedir o seu acesso, uso e divulga\u00e7\u00e3o n\u00e3o autorizados, conforme as disposi\u00e7\u00f5es previstas em nossa Pol\u00edtica de Privacidade.<\/p><p>\u200b<\/p><p>A YELLOW SOLE se reserva o direito de, a qualquer momento, suspender ou cancelar o acesso de qualquer usu\u00e1rio ao Site em caso de fraude comprovada, participa\u00e7\u00e3o atrav\u00e9s da obten\u00e7\u00e3o de benef\u00edcio ou vantagem de forma il\u00edcita ou pelo n\u00e3o cumprimento de quaisquer das condi\u00e7\u00f5es previstas nestes Termos de Uso ou na legisla\u00e7\u00e3o aplic\u00e1vel. Na hip\u00f3tese da ocorr\u00eancia destes fatos, a suspens\u00e3o ou cancelamento de acesso ser\u00e1 realizada sem que seja devida qualquer indeniza\u00e7\u00e3o ao usu\u00e1rio, e sem preju\u00edzo de eventual a\u00e7\u00e3o de regresso ou qualquer outro questionamento.<\/p><p>\u200b<\/p><p>DA COMPRA<br \/>\u200b<br \/>Ap\u00f3s a realiza\u00e7\u00e3o de qualquer compra, as informa\u00e7\u00f5es de cadastro do usu\u00e1rio est\u00e3o sujeitas \u00e0 confirma\u00e7\u00e3o por parte da YELLOW SOLE. Caso haja qualquer erro ou diverg\u00eancia nos dados oferecidos que possam acarretar atraso na entrega do pedido, o usu\u00e1rio ser\u00e1 informado atrav\u00e9s de e-mail ou telefonema direcionados ao endere\u00e7o de correio eletr\u00f4nico ou n\u00famero de telefone fornecidos no momento do cadastro.<\/p><p>PRAZO DE ENTREGA<\/p><p>\u200b<\/p><p>O prazo para entrega dos produtos varia de acordo com a localidade, a forma de pagamento escolhida, o tipo de frete e a disponibilidade do produto adquirido.<\/p><p>\u200b<\/p><p>Antes de efetuar a compra, por favor, verifique o prazo estimado para envio dos modelos selecionados.<\/p><p>O PRAZO PARA ENVIO COME\u00c7AR\u00c1 A CONTAR \u00c0 PARTIR DA APROVA\u00c7\u00c3O DO PAGAMENTO.<\/p><p>\u200b<\/p><p>\u00c9 de TOTAL responsabilidade do cliente verificar se o PRAZO DE ENVIO (m\u00e9dia de 04 dias \u00fateis) do produto, somado ao prazo de entrega escolhido (PAC OU SEDEX), coincidir\u00e1 a tempo da data de utiliza\u00e7\u00e3o pretendida ao qual o comprador o destina.<\/p><p>\u200b<\/p><p>A YELLOW SOLE N\u00c3O se responsabilizar\u00e1, em hip\u00f3tese alguma, pelo erro deste c\u00e1lculo, caso o mesmo n\u00e3o chegar a tempo para o evento. Se estiver dentro do PRAZO DE ENVIO informado.<\/p><p>\u200b<\/p><p>Sugerimos que suas compras sejam feitas com anteced\u00eancia para evitar o indesej\u00e1vel, principalmente por parte dos CORREIOS que \u00e0s vezes atrasam as entregas.<\/p><p>\u00a0<\/p><p>O PRAZO PARA ENTREGA DO PEDIDO TEM IN\u00cdCIO A PARTIR DA INFORMA\u00c7\u00c3O DE SUA APROVA\u00c7\u00c3O PELA INSTITUI\u00c7\u00c3O FINANCEIRA \u00c0 YELLOW SOLE, E AP\u00d3S A VALIDA\u00c7\u00c3O DOS DADOS CADASTRAIS DO USU\u00c1RIO.<\/p><p>\u200b<\/p><p>TROCAS E DEVOLU\u00c7\u00d5ES<br \/>\u200b<br \/>As trocas e devolu\u00e7\u00f5es de produtos adquiridos pelo Site s\u00e3o situa\u00e7\u00f5es previs\u00edveis, e o exerc\u00edcio destes direitos devem observar as disposi\u00e7\u00f5es da Pol\u00edtica de Trocas e Devolu\u00e7\u00f5es.<\/p><p>\u200b<\/p><p>CONTATO<\/p><p>\u200b<\/p><p>Qualquer d\u00favida, solicita\u00e7\u00e3o ou den\u00fancia relacionada a estes Termos de Uso dever\u00e1 ser enviada \u00e0 YELLOW SOLE atrav\u00e9s do e-mail contato@yellowsole.com.br<\/p><p>\u200b<\/p><p>S\u00e3o Paulo, 03 de novembro de 2021.<\/p>\t\t\t\t\t\t\t\t<\/div>\n\t\t\t\t<\/div>\n\t\t\t\t\t<\/div>\n\t\t<\/div>\n\t\t\t\t\t<\/div>\n\t\t<\/section>\n\t\t\t\t<\/div>","protected":false},"excerpt":{"rendered":"<p>SOBRE O SITE\u200bEste site e seu conte\u00fado (o \u201cSite\u201d) s\u00e3o de propriedade exclusiva da YELLOW SOLE COM\u00c9RCIO DE CAL\u00c7ADOS E ACESS\u00d3RIOS EM GERAL LTDA, inscrita no CNPJ sob o n\u00ba39.899.313\/0001-69, com sede na Rua Onze de agosto, 52, conj 201. Todos os direitos reservados. O ACESSO E UTILIZA\u00c7\u00c3O DO SITE, BEM COMO A COMPRA DOS [&hellip;]<\/p>","protected":false},"author":1,"featured_media":0,"parent":0,"menu_order":0,"comment_status":"closed","ping_status":"closed","template":"","meta":{"footnotes":""},"class_list":["post-6678","page","type-page","status-publish","hentry"],"_links":{"self":[{"href":"https:\/\/yellowsole.com.br\/en\/wp-json\/wp\/v2\/pages\/6678","targetHints":{"allow":["GET"]}}],"collection":[{"href":"https:\/\/yellowsole.com.br\/en\/wp-json\/wp\/v2\/pages"}],"about":[{"href":"https:\/\/yellowsole.com.br\/en\/wp-json\/wp\/v2\/types\/page"}],"author":[{"embeddable":true,"href":"https:\/\/yellowsole.com.br\/en\/wp-json\/wp\/v2\/users\/1"}],"replies":[{"embeddable":true,"href":"https:\/\/yellowsole.com.br\/en\/wp-json\/wp\/v2\/comments?post=6678"}],"version-history":[{"count":7,"href":"https:\/\/yellowsole.com.br\/en\/wp-json\/wp\/v2\/pages\/6678\/revisions"}],"predecessor-version":[{"id":6685,"href":"https:\/\/yellowsole.com.br\/en\/wp-json\/wp\/v2\/pages\/6678\/revisions\/6685"}],"wp:attachment":[{"href":"https:\/\/yellowsole.com.br\/en\/wp-json\/wp\/v2\/media?parent=6678"}],"curies":[{"name":"wp","href":"https:\/\/api.w.org\/{rel}","templated":true}]}}