{"id":6286,"date":"2022-10-18T19:27:49","date_gmt":"2022-10-18T22:27:49","guid":{"rendered":"http:\/\/webapp308423.ip-198-58-107-56.cloudezapp.io\/?post_type=product&#038;p=6286"},"modified":"2025-11-01T05:57:05","modified_gmt":"2025-11-01T08:57:05","slug":"flat-arara-vermelha","status":"publish","type":"product","link":"https:\/\/yellowsole.com.br\/en\/product\/flat-arara-vermelha\/","title":{"rendered":"Flat Arara Vermelha"},"content":{"rendered":"<p><span style=\"font-weight: 600;\">Descri\u00e7\u00e3o do Produto:<\/span><br \/>\n&#8211; O cabedal \u00e9 elaborado em couro de cabra com acabamento acetinado, recortado e montado com a sobreposi\u00e7\u00e3o de pe\u00e7as que juntas trazem a figura da Arara;<br \/>\n&#8211; Temos aten\u00e7\u00e3o especial com nossas palmilhas recobertas em couro, que tem no seu interior uma l\u00e2mina de PU com mem\u00f3ria, material macio que garante o conforto ao caminhar;<br \/>\n&#8211; A sola de couro com a borda pintada \u00e9 um enorme diferencial do nosso produto que \u00e9 trabalhado com muita aten\u00e7\u00e3o, carinho e esmero. A sola carrega nossa marca;<br \/>\n&#8211; O salto de 2.5 cm \u00e9 forrado \u00e0 m\u00e3o com palha natural, seguindo o mesmo processo da cestaria. Tem seu acabamento em pintura manual. \u00c9 um trabalho extremamente complexo e requer habilidade artesanal espec\u00edfica.<\/p>\n<p>&nbsp;<\/p>\n<p><span style=\"font-weight: 600;\">Cuidado com sua Yellow Sole:<\/span><br \/>\n&#8211; Afim de garantir a melhor conserva\u00e7\u00e3o do seu cal\u00e7ado em couro, evite o contato de um p\u00e9 com o outro, guarde-os separadamente;<br \/>\n&#8211; Os produtos de couro n\u00e3o devem ser lavados. Ap\u00f3s o uso, deixar o cal\u00e7ado em um local arejado para poder ventilar e secar naturalmente;<br \/>\n&#8211; N\u00e3o coloque os cal\u00e7ados no sol, na secadora, forno ou estufa.<br \/>\n&#8211; Mantenha o couro limpo, usando um pano seco;<br \/>\n&#8211; Utilize nossa bag de algod\u00e3o para guard\u00e1-las protegidas da luz, calor e umidade;<br \/>\n&#8211; Cal\u00e7ados de palha s\u00e3o delicados e fr\u00e1geis, portanto, n\u00e3o podem estar em contato com umidade, fric\u00e7\u00e3o, atrito ou produto qu\u00edmico;<br \/>\n&#8211; Use as buchas de papel para manter seu formato.<\/p>","protected":false},"excerpt":{"rendered":"<p>A mule flat e\u0301 elaborada em couro de cabra com acabamento acetinado, recortado e montado com a sobreposic\u0327a\u0303o de pec\u0327as que juntas trazem a figura da Arara Vermelha. Tem seu salto de 2.5 cm forrado em palha natural pintada.<br \/>\nCor &#8211; Vermelho Arara<\/p>","protected":false},"featured_media":6287,"comment_status":"open","ping_status":"closed","template":"","meta":[],"product_brand":[],"product_cat":[112],"product_tag":[],"class_list":{"0":"post-6286","1":"product","2":"type-product","3":"status-publish","4":"has-post-thumbnail","6":"product_cat-sandalia-flat","8":"first","9":"instock","10":"shipping-taxable","11":"product-type-variable"},"_links":{"self":[{"href":"https:\/\/yellowsole.com.br\/en\/wp-json\/wp\/v2\/product\/6286","targetHints":{"allow":["GET"]}}],"collection":[{"href":"https:\/\/yellowsole.com.br\/en\/wp-json\/wp\/v2\/product"}],"about":[{"href":"https:\/\/yellowsole.com.br\/en\/wp-json\/wp\/v2\/types\/product"}],"replies":[{"embeddable":true,"href":"https:\/\/yellowsole.com.br\/en\/wp-json\/wp\/v2\/comments?post=6286"}],"wp:featuredmedia":[{"embeddable":true,"href":"https:\/\/yellowsole.com.br\/en\/wp-json\/wp\/v2\/media\/6287"}],"wp:attachment":[{"href":"https:\/\/yellowsole.com.br\/en\/wp-json\/wp\/v2\/media?parent=6286"}],"wp:term":[{"taxonomy":"product_brand","embeddable":true,"href":"https:\/\/yellowsole.com.br\/en\/wp-json\/wp\/v2\/product_brand?post=6286"},{"taxonomy":"product_cat","embeddable":true,"href":"https:\/\/yellowsole.com.br\/en\/wp-json\/wp\/v2\/product_cat?post=6286"},{"taxonomy":"product_tag","embeddable":true,"href":"https:\/\/yellowsole.com.br\/en\/wp-json\/wp\/v2\/product_tag?post=6286"}],"curies":[{"name":"wp","href":"https:\/\/api.w.org\/{rel}","templated":true}]}}