{"id":6460,"date":"2022-10-19T11:38:59","date_gmt":"2022-10-19T14:38:59","guid":{"rendered":"http:\/\/webapp308423.ip-198-58-107-56.cloudezapp.io\/?post_type=product&#038;p=6460"},"modified":"2023-04-27T23:27:50","modified_gmt":"2023-04-28T02:27:50","slug":"sandalia-tiras-cone-nude","status":"publish","type":"product","link":"https:\/\/yellowsole.com.br\/en\/product\/sandalia-tiras-cone-nude\/","title":{"rendered":"Sand\u00e1lia Tiras Cone Nude"},"content":{"rendered":"<p><span style=\"font-weight: 600;\">Descri\u00e7\u00e3o do Produto:<\/span><br \/>\n-O cabedal \u00e9 elaborado em couro de cabra com acabamento acetinado. Suas tiras finas em couro roli\u00e7o garantem a firmeza e o conforto no caminhar;<br \/>\n-Temos aten\u00e7\u00e3o especial com nossas palmilhas recobertas em couro, que tem no seu interior uma l\u00e2mina de PU com mem\u00f3ria, material macio que garante o conforto ao caminhar;<br \/>\n-A sola de couro com a borda pintada \u00e9 um enorme diferencial do nosso produto que \u00e9 trabalhado com muita aten\u00e7\u00e3o, carinho e esmero. A sola carrega nossa marca;<br \/>\n-O salto de 5.5 cm \u00e9 forrado \u00e0 m\u00e3o com palha natural, seguindo o mesmo processo da cestaria. \u00c9 um trabalho extremamente complexo e requer habilidade artesanal espec\u00edfica.<\/p>\n<p>&nbsp;<\/p>\n<p><span style=\"font-weight: 600;\">Cuidado com sua Yellow Sole:<\/span><br \/>\n&#8211; Afim de garantir a melhor conserva\u00e7\u00e3o do seu cal\u00e7ado em couro, evite o contato de um p\u00e9 com o outro, guarde-os separadamente;<br \/>\n&#8211; Os produtos de couro n\u00e3o devem ser lavados. Ap\u00f3s o uso, deixar o cal\u00e7ado em um local arejado para poder ventilar e secar naturalmente;<br \/>\n&#8211; N\u00e3o coloque os cal\u00e7ados no sol, na secadora, forno ou estufa.<br \/>\n&#8211; Mantenha o couro limpo, usando um pano seco;<br \/>\n&#8211; Utilize nossa bag de algod\u00e3o para guard\u00e1-las protegidas da luz, calor e umidade;<br \/>\n&#8211; Cal\u00e7ados de palha s\u00e3o delicados e fr\u00e1geis, portanto, n\u00e3o podem estar em contato com umidade, fric\u00e7\u00e3o, atrito ou produto qu\u00edmico;<br \/>\n&#8211; Use as buchas de papel para manter seu formato.<\/p>","protected":false},"excerpt":{"rendered":"<p>A sand\u00e1lia com amarra\u00e7\u00e3o na perna \u00e9 elaborada em couro de cabra cor nude com acabamento acetinado. Seu salto cone de 5.5 cm \u00e9 forrado em palha natural.<br \/>\nCor &#8211; Nude<\/p>","protected":false},"featured_media":6467,"comment_status":"open","ping_status":"closed","template":"","meta":[],"product_brand":[],"product_cat":[119],"product_tag":[],"class_list":{"0":"post-6460","1":"product","2":"type-product","3":"status-publish","4":"has-post-thumbnail","6":"product_cat-sandalia-salto-5-5cm","8":"first","9":"instock","10":"shipping-taxable","11":"product-type-variable"},"_links":{"self":[{"href":"https:\/\/yellowsole.com.br\/en\/wp-json\/wp\/v2\/product\/6460","targetHints":{"allow":["GET"]}}],"collection":[{"href":"https:\/\/yellowsole.com.br\/en\/wp-json\/wp\/v2\/product"}],"about":[{"href":"https:\/\/yellowsole.com.br\/en\/wp-json\/wp\/v2\/types\/product"}],"replies":[{"embeddable":true,"href":"https:\/\/yellowsole.com.br\/en\/wp-json\/wp\/v2\/comments?post=6460"}],"wp:featuredmedia":[{"embeddable":true,"href":"https:\/\/yellowsole.com.br\/en\/wp-json\/wp\/v2\/media\/6467"}],"wp:attachment":[{"href":"https:\/\/yellowsole.com.br\/en\/wp-json\/wp\/v2\/media?parent=6460"}],"wp:term":[{"taxonomy":"product_brand","embeddable":true,"href":"https:\/\/yellowsole.com.br\/en\/wp-json\/wp\/v2\/product_brand?post=6460"},{"taxonomy":"product_cat","embeddable":true,"href":"https:\/\/yellowsole.com.br\/en\/wp-json\/wp\/v2\/product_cat?post=6460"},{"taxonomy":"product_tag","embeddable":true,"href":"https:\/\/yellowsole.com.br\/en\/wp-json\/wp\/v2\/product_tag?post=6460"}],"curies":[{"name":"wp","href":"https:\/\/api.w.org\/{rel}","templated":true}]}}